{"id":109,"date":"2018-03-03T14:34:32","date_gmt":"2018-03-03T13:34:32","guid":{"rendered":"https:\/\/www.andlay.org\/?page_id=109"},"modified":"2024-07-07T21:51:25","modified_gmt":"2024-07-07T20:51:25","slug":"associazione-andlay","status":"publish","type":"page","link":"https:\/\/www.andlay.org\/it\/","title":{"rendered":"Associazione Andlay"},"content":{"rendered":"<p>Andlay \u00e8 una parola in lingua amarica (una delle lingue d\u2019Etiopia) che vuol dire \u201cAssieme\u201d. Andlay \u00e8 una associazione indipendente e senza fini di lucro che opera per fini di culturali e di solidariet\u00e0 sociale.<\/p>\n<p>Promuove attivit\u00e0 culturali nel campo della musica, produzione video, narrazione, teatro e scrittura con un approccio multiculturale.<\/p>\n<p>Uno dei suo progetti principali \u00e8 il progetto musicale <a href=\"http:\/\/atsetwodros.org\">Atse Tewodros Project<\/a>, un progetto che vede un dialogo artistico tra musicisti italiani e musicisti etiopi di tradizione dove la musica \u00e8 un mezzo di diffusione di valori artistici, culturali, storici e sociali.<\/p>\n<p>Atse Tewodros Project ha realizzato il nuovo album Maqeda, pubblicato dall&#8217;etichetta <a href=\"https:\/\/galileomusic.de\/%22\/artikel\/29064\/Atse_Tewodros_Project_Maqeda\/%22\">Galileo Music Comunication<\/a> ed in vendita presso <a href=\"https:\/\/galileomusic.de\/%22\/artikel\/29064\/Atse_Tewodros_Project_Maqeda\/%22\">il loro sito.<\/a><\/p>\n<hr class=\"wp-block-separator has-alpha-channel-opacity\" \/>\n","protected":false},"excerpt":{"rendered":"<p>Andlay \u00e8 una parola in lingua amarica (una delle lingue d\u2019Etiopia) che vuol dire \u201cAssieme\u201d. Andlay \u00e8 una associazione indipendente e senza fini di lucro che opera per fini di culturali e di solidariet\u00e0 sociale. Promuove attivit\u00e0 culturali nel campo della musica, produzione video, narrazione, teatro e scrittura con un approccio multiculturale. Uno dei suo [&hellip;]<\/p>\n","protected":false},"author":2,"featured_media":0,"parent":0,"menu_order":0,"comment_status":"closed","ping_status":"closed","template":"","meta":{"footnotes":""},"class_list":["post-109","page","type-page","status-publish","hentry"],"jetpack_sharing_enabled":true,"_links":{"self":[{"href":"https:\/\/www.andlay.org\/it\/wp-json\/wp\/v2\/pages\/109","targetHints":{"allow":["GET"]}}],"collection":[{"href":"https:\/\/www.andlay.org\/it\/wp-json\/wp\/v2\/pages"}],"about":[{"href":"https:\/\/www.andlay.org\/it\/wp-json\/wp\/v2\/types\/page"}],"author":[{"embeddable":true,"href":"https:\/\/www.andlay.org\/it\/wp-json\/wp\/v2\/users\/2"}],"replies":[{"embeddable":true,"href":"https:\/\/www.andlay.org\/it\/wp-json\/wp\/v2\/comments?post=109"}],"version-history":[{"count":10,"href":"https:\/\/www.andlay.org\/it\/wp-json\/wp\/v2\/pages\/109\/revisions"}],"predecessor-version":[{"id":735,"href":"https:\/\/www.andlay.org\/it\/wp-json\/wp\/v2\/pages\/109\/revisions\/735"}],"wp:attachment":[{"href":"https:\/\/www.andlay.org\/it\/wp-json\/wp\/v2\/media?parent=109"}],"curies":[{"name":"wp","href":"https:\/\/api.w.org\/{rel}","templated":true}]}}